{"id":1839,"date":"2019-12-25T12:01:51","date_gmt":"2019-12-25T09:01:51","guid":{"rendered":"http:\/\/www.ekavartgallery.com\/home\/"},"modified":"2026-04-21T17:55:17","modified_gmt":"2026-04-21T14:55:17","slug":"home","status":"publish","type":"page","link":"https:\/\/www.ekavartgallery.com\/en\/","title":{"rendered":"Anasayfa"},"content":{"rendered":"\t\t<div data-elementor-type=\"wp-page\" data-elementor-id=\"1839\" class=\"elementor elementor-1839 elementor-862\" data-elementor-post-type=\"page\">\n\t\t\t\t\t\t<section class=\"elementor-section elementor-top-section elementor-element elementor-element-1b3c350 elementor-section-boxed elementor-section-height-default elementor-section-height-default\" data-id=\"1b3c350\" data-element_type=\"section\">\n\t\t\t\t\t\t<div class=\"elementor-container elementor-column-gap-default\">\n\t\t\t\t\t<div class=\"elementor-column elementor-col-100 elementor-top-column elementor-element elementor-element-c06b624\" data-id=\"c06b624\" data-element_type=\"column\">\n\t\t\t<div class=\"elementor-widget-wrap elementor-element-populated\">\n\t\t\t\t\t\t<div class=\"elementor-element elementor-element-1199e68 bdt-ps-blur-effect--yes elementor-widget elementor-widget-prime-slider-dragon\" data-id=\"1199e68\" data-element_type=\"widget\" data-widget_type=\"prime-slider-dragon.default\">\n\t\t\t\t<div class=\"elementor-widget-container\">\n\t\t\t\t\t<div class=\"bdt-prime-slider\">\n\t\t\t<div class=\"bdt-prime-slider-dragon\">\n\t\t\t\t<div class=\"bdt-position-relative bdt-visible-toggle\" data-settings=\"{&quot;id&quot;:&quot;#bdt-1199e68&quot;,&quot;animation_status&quot;:&quot;no&quot;}\" id=\"bdt-1199e68\" bdt-slideshow=\"{&quot;animation&quot;:&quot;fade&quot;,&quot;ratio&quot;:&quot;16:9&quot;,&quot;min-height&quot;:&quot;440&quot;,&quot;autoplay&quot;:true,&quot;autoplay-interval&quot;:5000,&quot;pause-on-hover&quot;:true,&quot;velocity&quot;:1,&quot;finite&quot;:false}\">\n\t\t\t\t\t<ul class=\"bdt-slideshow-items\">\n\t\t\t\t\t\t\t\t<li class=\"bdt-slideshow-item bdt-flex bdt-flex-middle elementor-repeater-item-0663557\">\n\n\t\t\t<div class=\"bdt-ps-dragon-bg\">\n\t\t\t\t\n\t\t\t\t\t\t<div class=\"bdt-ps-slide-img\"\n\t\t\t\t\t\t\tstyle=\"background-image: url('https:\/\/www.ekavartgallery.com\/wp-content\/uploads\/2026\/03\/1-scaled.jpg')\"><\/div>\n\n\t\t\t\t\t\t\t\t\t<\/div>\n\n\t\t\t<div class=\"bdt-ps-dragon-slide-image\">\n\t\t\t\t\n\t\t\t\t\t\t<div class=\"bdt-ps-slide-img\"\n\t\t\t\t\t\t\tstyle=\"background-image: url('https:\/\/www.ekavartgallery.com\/wp-content\/uploads\/2026\/03\/1-scaled.jpg')\"><\/div>\n\n\t\t\t\t\t\t\t\t\t<\/div>\n\n\t\t\t\t\t\t\n\t\t\t\t\t<div class=\"bdt-prime-slider-wrapper\">\n\t\t\t<div class=\"bdt-prime-slider-content\">\n\n\t\t\t\t\n\t\t\t\t\n\t\t\t\t\n\t\t\t\t<div data-bdt-slideshow-parallax=\"x: 400,-400; opacity: 1,1,0\">\n\t\t\t\t\t\n\t\t\t\t\t\t<\/div>\n\t\t\t\t\t\n\t\t\t<\/div>\n\t\t<\/div>\n        \n\t\t<\/li>\n        \t\t<li class=\"bdt-slideshow-item bdt-flex bdt-flex-middle elementor-repeater-item-b2ccd9b\">\n\n\t\t\t<div class=\"bdt-ps-dragon-bg\">\n\t\t\t\t\n\t\t\t\t\t\t<div class=\"bdt-ps-slide-img\"\n\t\t\t\t\t\t\tstyle=\"background-image: url('https:\/\/www.ekavartgallery.com\/wp-content\/uploads\/2026\/03\/4.jpg')\"><\/div>\n\n\t\t\t\t\t\t\t\t\t<\/div>\n\n\t\t\t<div class=\"bdt-ps-dragon-slide-image\">\n\t\t\t\t\n\t\t\t\t\t\t<div class=\"bdt-ps-slide-img\"\n\t\t\t\t\t\t\tstyle=\"background-image: url('https:\/\/www.ekavartgallery.com\/wp-content\/uploads\/2026\/03\/4.jpg')\"><\/div>\n\n\t\t\t\t\t\t\t\t\t<\/div>\n\n\t\t\t\t\t\t\n\t\t\t\t\t<div class=\"bdt-prime-slider-wrapper\">\n\t\t\t<div class=\"bdt-prime-slider-content\">\n\n\t\t\t\t\n\t\t\t\t\n\t\t\t\t\n\t\t\t\t<div data-bdt-slideshow-parallax=\"x: 400,-400; opacity: 1,1,0\">\n\t\t\t\t\t\n\t\t\t\t\t\t<\/div>\n\t\t\t\t\t\n\t\t\t<\/div>\n\t\t<\/div>\n        \n\t\t<\/li>\n        \t\t<li class=\"bdt-slideshow-item bdt-flex bdt-flex-middle elementor-repeater-item-49f5d9e\">\n\n\t\t\t<div class=\"bdt-ps-dragon-bg\">\n\t\t\t\t\n\t\t\t\t\t\t<div class=\"bdt-ps-slide-img\"\n\t\t\t\t\t\t\tstyle=\"background-image: url('https:\/\/www.ekavartgallery.com\/wp-content\/uploads\/2026\/03\/6-scaled.jpg')\"><\/div>\n\n\t\t\t\t\t\t\t\t\t<\/div>\n\n\t\t\t<div class=\"bdt-ps-dragon-slide-image\">\n\t\t\t\t\n\t\t\t\t\t\t<div class=\"bdt-ps-slide-img\"\n\t\t\t\t\t\t\tstyle=\"background-image: url('https:\/\/www.ekavartgallery.com\/wp-content\/uploads\/2026\/03\/6-scaled.jpg')\"><\/div>\n\n\t\t\t\t\t\t\t\t\t<\/div>\n\n\t\t\t\t\t\t\n\t\t\t\t\t<div class=\"bdt-prime-slider-wrapper\">\n\t\t\t<div class=\"bdt-prime-slider-content\">\n\n\t\t\t\t\n\t\t\t\t\n\t\t\t\t\n\t\t\t\t<div data-bdt-slideshow-parallax=\"x: 400,-400; opacity: 1,1,0\">\n\t\t\t\t\t\n\t\t\t\t\t\t<\/div>\n\t\t\t\t\t\n\t\t\t<\/div>\n\t\t<\/div>\n        \n\t\t<\/li>\n        \n\t\t\t\t\t<\/ul>\n\n\t\t\t\t\t            \n                <ul class=\"bdt-slideshow-nav bdt-dotnav bdt-dotnav-vertical reveal-muted\">\n\n                                        <li bdt-slideshow-item=\"0\" data-label=\"01\" ><a href=\"#\"><\/a><\/li>\n                                        <li bdt-slideshow-item=\"1\" data-label=\"02\" ><a href=\"#\"><\/a><\/li>\n                                        <li bdt-slideshow-item=\"2\" data-label=\"03\" ><a href=\"#\"><\/a><\/li>\n                                        \n                <\/ul>\n\n            \n        \t\t\t\t\t\n\t\t\t\t<\/div>\n\t\t\t\t\n\t\t<div class=\"bdt-prime-slider-social-icon reveal-muted\">\n\t\t\t\t\t\t\t\t\t\t<a >\n\t\t\t\t\t\t\t\t<span class=\"bdt-social-share-title\">\n\t\t\t\t\t\t\t\t\tInstagram\t\t\t\t\t\t\t\t<\/span>\n\t\t\t\t\t\t\t<\/a>\n\t\t\t\t\t\t\t\t\t\t\t\t\t<a >\n\t\t\t\t\t\t\t\t<span class=\"bdt-social-share-title\">\n\t\t\t\t\t\t\t\t\tFacebook\t\t\t\t\t\t\t\t<\/span>\n\t\t\t\t\t\t\t<\/a>\n\t\t\t\t\t\t\t\t\t\t\t\t\t<a >\n\t\t\t\t\t\t\t\t<span class=\"bdt-social-share-title\">\n\t\t\t\t\t\t\t\t\tX\t\t\t\t\t\t\t\t<\/span>\n\t\t\t\t\t\t\t<\/a>\n\t\t\t\t\t\t\t\t<\/div>\n\n\t\t\t\t\t<\/div>\n\t\t<\/div>\n        \t\t<\/div>\n\t\t\t\t<\/div>\n\t\t\t\t\t<\/div>\n\t\t<\/div>\n\t\t\t\t\t<\/div>\n\t\t<\/section>\n\t\t\t\t<section class=\"elementor-section elementor-top-section elementor-element elementor-element-ca55608 elementor-section-boxed elementor-section-height-default elementor-section-height-default\" data-id=\"ca55608\" data-element_type=\"section\">\n\t\t\t\t\t\t<div class=\"elementor-container elementor-column-gap-default\">\n\t\t\t\t\t<div class=\"elementor-column elementor-col-50 elementor-top-column elementor-element elementor-element-a1d03e0\" data-id=\"a1d03e0\" data-element_type=\"column\">\n\t\t\t<div class=\"elementor-widget-wrap elementor-element-populated\">\n\t\t\t\t\t\t<div class=\"elementor-element elementor-element-1391c6a elementor-widget elementor-widget-text-editor\" data-id=\"1391c6a\" data-element_type=\"widget\" data-widget_type=\"text-editor.default\">\n\t\t\t\t<div class=\"elementor-widget-container\">\n\t\t\t\t\t\t\t<div class=\"page\" title=\"Page 1\"><div class=\"layoutArea\"><div class=\"column\"><p style=\"font-weight: 400; text-align: center;\"><strong>Tres Specula \/ Three Reflections<br \/>April 7th \u00a0<\/strong><strong>\u2013 May 7th,<\/strong><strong>\u00a0<\/strong><strong>2026<\/strong><\/p><p style=\"text-align: center;\"><strong>EKAV<\/strong> \/ Education, Culture and Research Foundation is hosting the exhibition <b data-path-to-node=\"0\" data-index-in-node=\"77\">\u201cTres Specula \/ Three Reflections\u201d<\/b> at Ekavart Gallery from April 7 to May 7, 2026. Organized in collaboration with Abitus Art Projects and coordinated by Yasemin Semercio\u011flu, the exhibition brings together the works of three artists\u2014<b data-path-to-node=\"0\" data-index-in-node=\"310\">\u00c7i\u00e7ek Benardete, Pembe T\u00fcz\u00fcner, and Tina Varon<\/b>\u2014on a common intellectual ground, exploring the expressive possibilities of painting, sculpture, and glass across different disciplines. \u00a0<a style=\"text-align: center;\" href=\"https:\/\/www.ekavartgallery.com\/en\/press-relaese\/\">Read more.<\/a>..<\/p><\/div><\/div><\/div>\t\t\t\t\t\t<\/div>\n\t\t\t\t<\/div>\n\t\t\t\t\t<\/div>\n\t\t<\/div>\n\t\t\t\t<div class=\"elementor-column elementor-col-50 elementor-top-column elementor-element elementor-element-9194090\" data-id=\"9194090\" data-element_type=\"column\">\n\t\t\t<div class=\"elementor-widget-wrap elementor-element-populated\">\n\t\t\t\t\t\t<div class=\"elementor-element elementor-element-f0e9f70 elementor-widget elementor-widget-video\" data-id=\"f0e9f70\" data-element_type=\"widget\" data-settings=\"{&quot;youtube_url&quot;:&quot;https:\\\/\\\/youtu.be\\\/jCsxJIEnwgE?si=z-UOhxUKHPa52KIl&quot;,&quot;play_on_mobile&quot;:&quot;yes&quot;,&quot;mute&quot;:&quot;yes&quot;,&quot;autoplay&quot;:&quot;yes&quot;,&quot;loop&quot;:&quot;yes&quot;,&quot;video_type&quot;:&quot;youtube&quot;,&quot;controls&quot;:&quot;yes&quot;}\" data-widget_type=\"video.default\">\n\t\t\t\t<div class=\"elementor-widget-container\">\n\t\t\t\t\t<div class=\"elementor-wrapper elementor-open-inline\">\n\t\t\t<div class=\"elementor-video\"><\/div>\t\t<\/div>\n\t\t\t\t<\/div>\n\t\t\t\t<\/div>\n\t\t\t\t\t<\/div>\n\t\t<\/div>\n\t\t\t\t\t<\/div>\n\t\t<\/section>\n\t\t\t\t<section class=\"elementor-section elementor-top-section elementor-element elementor-element-5ae9d8d elementor-section-boxed elementor-section-height-default elementor-section-height-default\" data-id=\"5ae9d8d\" data-element_type=\"section\">\n\t\t\t\t\t\t<div class=\"elementor-container elementor-column-gap-default\">\n\t\t\t\t\t<div class=\"elementor-column elementor-col-100 elementor-top-column elementor-element elementor-element-2dc4e43\" data-id=\"2dc4e43\" data-element_type=\"column\">\n\t\t\t<div class=\"elementor-widget-wrap elementor-element-populated\">\n\t\t\t\t\t\t<div class=\"elementor-element elementor-element-a8469e0 elementor-widget elementor-widget-text-editor\" data-id=\"a8469e0\" data-element_type=\"widget\" data-widget_type=\"text-editor.default\">\n\t\t\t\t<div class=\"elementor-widget-container\">\n\t\t\t\t\t\t\t<p style=\"text-align: center;\"><strong><br \/><img decoding=\"async\" class=\"alignnone wp-image-6790\" src=\"https:\/\/www.ekavartgallery.com\/wp-content\/uploads\/2023\/03\/arttv-project-logo-300x300.jpg\" alt=\"\" width=\"52\" height=\"52\" srcset=\"https:\/\/www.ekavartgallery.com\/wp-content\/uploads\/2023\/03\/arttv-project-logo-300x300.jpg 300w, https:\/\/www.ekavartgallery.com\/wp-content\/uploads\/2023\/03\/arttv-project-logo-1024x1024.jpg 1024w, https:\/\/www.ekavartgallery.com\/wp-content\/uploads\/2023\/03\/arttv-project-logo-150x150.jpg 150w, https:\/\/www.ekavartgallery.com\/wp-content\/uploads\/2023\/03\/arttv-project-logo-768x768.jpg 768w, https:\/\/www.ekavartgallery.com\/wp-content\/uploads\/2023\/03\/arttv-project-logo-1536x1536.jpg 1536w, https:\/\/www.ekavartgallery.com\/wp-content\/uploads\/2023\/03\/arttv-project-logo-400x400.jpg 400w, https:\/\/www.ekavartgallery.com\/wp-content\/uploads\/2023\/03\/arttv-project-logo-900x900.jpg 900w, https:\/\/www.ekavartgallery.com\/wp-content\/uploads\/2023\/03\/arttv-project-logo-675x675.jpg 675w, https:\/\/www.ekavartgallery.com\/wp-content\/uploads\/2023\/03\/arttv-project-logo-286x286.jpg 286w, https:\/\/www.ekavartgallery.com\/wp-content\/uploads\/2023\/03\/arttv-project-logo-450x450.jpg 450w, https:\/\/www.ekavartgallery.com\/wp-content\/uploads\/2023\/03\/arttv-project-logo-1080x1080.jpg 1080w, https:\/\/www.ekavartgallery.com\/wp-content\/uploads\/2023\/03\/arttv-project-logo.jpg 1600w\" sizes=\"(max-width: 52px) 100vw, 52px\" \/><\/strong><\/p><p><img decoding=\"async\" class=\"wp-image-7808 aligncenter\" src=\"https:\/\/www.ekavartgallery.com\/wp-content\/uploads\/2024\/03\/ed1a2cf6-cc39-4e48-b900-2487d3c40be5-300x300.jpeg\" alt=\"\" width=\"149\" height=\"149\" srcset=\"https:\/\/www.ekavartgallery.com\/wp-content\/uploads\/2024\/03\/ed1a2cf6-cc39-4e48-b900-2487d3c40be5-300x300.jpeg 300w, https:\/\/www.ekavartgallery.com\/wp-content\/uploads\/2024\/03\/ed1a2cf6-cc39-4e48-b900-2487d3c40be5-150x150.jpeg 150w, https:\/\/www.ekavartgallery.com\/wp-content\/uploads\/2024\/03\/ed1a2cf6-cc39-4e48-b900-2487d3c40be5-400x401.jpeg 400w, https:\/\/www.ekavartgallery.com\/wp-content\/uploads\/2024\/03\/ed1a2cf6-cc39-4e48-b900-2487d3c40be5-299x300.jpeg 299w, https:\/\/www.ekavartgallery.com\/wp-content\/uploads\/2024\/03\/ed1a2cf6-cc39-4e48-b900-2487d3c40be5-286x286.jpeg 286w, https:\/\/www.ekavartgallery.com\/wp-content\/uploads\/2024\/03\/ed1a2cf6-cc39-4e48-b900-2487d3c40be5-450x450.jpeg 450w, https:\/\/www.ekavartgallery.com\/wp-content\/uploads\/2024\/03\/ed1a2cf6-cc39-4e48-b900-2487d3c40be5.jpeg 626w\" sizes=\"(max-width: 149px) 100vw, 149px\" \/><\/p><p style=\"text-align: center;\">AL\u0130 EMRE DO\u011eRAMACI<br \/><em>\u201cEtheral Blue\u201d<\/em><strong><br \/><\/strong>Digital Art, 100\u00d7100 cm, 2021<br \/><a href=\"https:\/\/www.arttv.com.tr\/artstore\"><img decoding=\"async\" class=\"alignnone wp-image-6943\" src=\"https:\/\/www.ekavartgallery.com\/wp-content\/uploads\/2023\/03\/Yeni-Proje-11-300x155.png\" alt=\"\" width=\"85\" height=\"44\" srcset=\"https:\/\/www.ekavartgallery.com\/wp-content\/uploads\/2023\/03\/Yeni-Proje-11-300x155.png 300w, https:\/\/www.ekavartgallery.com\/wp-content\/uploads\/2023\/03\/Yeni-Proje-11-400x207.png 400w, https:\/\/www.ekavartgallery.com\/wp-content\/uploads\/2023\/03\/Yeni-Proje-11-579x300.png 579w, https:\/\/www.ekavartgallery.com\/wp-content\/uploads\/2023\/03\/Yeni-Proje-11.png 608w\" sizes=\"(max-width: 85px) 100vw, 85px\" \/><\/a><\/p>\t\t\t\t\t\t<\/div>\n\t\t\t\t<\/div>\n\t\t\t\t\t<\/div>\n\t\t<\/div>\n\t\t\t\t\t<\/div>\n\t\t<\/section>\n\t\t\t\t<\/div>\n\t\t","protected":false},"excerpt":{"rendered":"<p>&nbsp;<a href=\"https:\/\/www.ekavartgallery.com\/en\/\" class=\"read-more\">Continue Reading<\/a><\/p>\n","protected":false},"author":1,"featured_media":0,"parent":0,"menu_order":0,"comment_status":"closed","ping_status":"closed","template":"elementor_header_footer","meta":{"footnotes":""},"class_list":["post-1839","page","type-page","status-publish","hentry","post-holder"],"_links":{"self":[{"href":"https:\/\/www.ekavartgallery.com\/en\/wp-json\/wp\/v2\/pages\/1839","targetHints":{"allow":["GET"]}}],"collection":[{"href":"https:\/\/www.ekavartgallery.com\/en\/wp-json\/wp\/v2\/pages"}],"about":[{"href":"https:\/\/www.ekavartgallery.com\/en\/wp-json\/wp\/v2\/types\/page"}],"author":[{"embeddable":true,"href":"https:\/\/www.ekavartgallery.com\/en\/wp-json\/wp\/v2\/users\/1"}],"replies":[{"embeddable":true,"href":"https:\/\/www.ekavartgallery.com\/en\/wp-json\/wp\/v2\/comments?post=1839"}],"version-history":[{"count":401,"href":"https:\/\/www.ekavartgallery.com\/en\/wp-json\/wp\/v2\/pages\/1839\/revisions"}],"predecessor-version":[{"id":9542,"href":"https:\/\/www.ekavartgallery.com\/en\/wp-json\/wp\/v2\/pages\/1839\/revisions\/9542"}],"wp:attachment":[{"href":"https:\/\/www.ekavartgallery.com\/en\/wp-json\/wp\/v2\/media?parent=1839"}],"curies":[{"name":"wp","href":"https:\/\/api.w.org\/{rel}","templated":true}]}}