{"id":15,"date":"2019-12-13T07:46:12","date_gmt":"2019-12-13T07:46:12","guid":{"rendered":"http:\/\/ekavartgallery.com\/?page_id=15"},"modified":"2026-02-20T18:08:00","modified_gmt":"2026-02-20T15:08:00","slug":"bize-ulasin","status":"publish","type":"page","link":"https:\/\/www.ekavartgallery.com\/tr\/bize-ulasin\/","title":{"rendered":"Bize ula\u015f\u0131n"},"content":{"rendered":"\t\t<div data-elementor-type=\"wp-page\" data-elementor-id=\"15\" class=\"elementor elementor-15\" data-elementor-post-type=\"page\">\n\t\t\t\t\t\t<section class=\"elementor-section elementor-top-section elementor-element elementor-element-b5e8e75 elementor-section-boxed elementor-section-height-default elementor-section-height-default\" data-id=\"b5e8e75\" data-element_type=\"section\">\n\t\t\t\t\t\t<div class=\"elementor-container elementor-column-gap-default\">\n\t\t\t\t\t<div class=\"elementor-column elementor-col-50 elementor-top-column elementor-element elementor-element-458c5bf\" data-id=\"458c5bf\" data-element_type=\"column\">\n\t\t\t<div class=\"elementor-widget-wrap elementor-element-populated\">\n\t\t\t\t\t\t<div class=\"elementor-element elementor-element-2cd9019 elementor-widget elementor-widget-google_maps\" data-id=\"2cd9019\" data-element_type=\"widget\" data-widget_type=\"google_maps.default\">\n\t\t\t\t<div class=\"elementor-widget-container\">\n\t\t\t\t\t<div class=\"elementor-custom-embed\">\n\t\t\t<iframe loading=\"lazy\"\n\t\t\t\t\tsrc=\"https:\/\/maps.google.com\/maps?q=EkavartGallery%2C%20%C4%B0stanbul&#038;t=m&#038;z=15&#038;output=embed&#038;iwloc=near\"\n\t\t\t\t\ttitle=\"EkavartGallery, \u0130stanbul\"\n\t\t\t\t\taria-label=\"EkavartGallery, \u0130stanbul\"\n\t\t\t><\/iframe>\n\t\t<\/div>\n\t\t\t\t<\/div>\n\t\t\t\t<\/div>\n\t\t\t\t\t<\/div>\n\t\t<\/div>\n\t\t\t\t<div class=\"elementor-column elementor-col-50 elementor-top-column elementor-element elementor-element-a0e2441\" data-id=\"a0e2441\" data-element_type=\"column\">\n\t\t\t<div class=\"elementor-widget-wrap elementor-element-populated\">\n\t\t\t\t\t\t<div class=\"elementor-element elementor-element-25875f6 elementor-widget elementor-widget-html\" data-id=\"25875f6\" data-element_type=\"widget\" data-widget_type=\"html.default\">\n\t\t\t\t<div class=\"elementor-widget-container\">\n\t\t\t<aside class=\"contact-box-aside text-left\">\n                  <div class=\"range range-50\">\n                    <div class=\"cell-xs-6 cell-sm-12\">\n                      <p class=\"aside-title\">Adres<\/p>\n                      <hr class=\"divider divider-left divider-custom\">\n                      <div class=\"unit__left\"><span class=\"text-middle icon icon-sm mdi mdi-map-marker icon-primary\"><\/span> Askeroca\u011f\u0131 Cad. S\u00fczer Plaza No:6 <a href=\"https:\/\/www.suzer.com\" target=\"_blank\">S\u00fczer Plaza<\/a>, G\u00fcm\u00fc\u015fsuyu-\u0130stanbul<\/div>*M2 Yenikap\u0131-Hac\u0131osman Metro Hatt\u0131 Taksim dura\u011f\u0131nda indikten sonra, Gezi Park\u0131 \u00e7\u0131k\u0131\u015f\u0131n\u0131 kullanarak G\u00fcm\u00fc\u015fsuyu y\u00f6n\u00fcne do\u011fru yakla\u015f\u0131k 10 dakikal\u0131k bir y\u00fcr\u00fcy\u00fc\u015fle The Ritz-Carlton Hotel'den giri\u015f yaparak galerimize ula\u015fabilirsiniz.\n                    <\/div>\n                    <div class=\"cell-xs-6 cell-sm-12\">\n                      <p class=\"aside-title\"> Telefon<\/p>\n                      <hr class=\"divider divider-left divider-custom\">\n                      <div class=\"unit unit-middle unit-horizontal unit-spacing-xs unit-xs-top\">\n                        <div class=\"unit__left\"><span class=\"text-middle icon icon-sm mdi mdi-phone icon-primary\"><\/span><\/div>\n                        <div class=\"unit__body\"><a class=\"text-middle link link-gray-dark\" href=\"tel:02122528131\">0212 252 81 31<\/a> <br \/> \n                        <a class=\"text-middle link link-gray-dark\" href=\"tel:05345903990\">\n                             0534 590 39 90\n                        <\/a>\n\n                      <\/div>\n                    <\/div>\n                    <div class=\"cell-xs-6 cell-sm-12\">\n                      <p class=\"aside-title\"> E-posta<\/p>\n                      <hr class=\"divider divider-left divider-custom\">\n                      <div class=\"unit unit-middle unit-horizontal unit-spacing-xs unit-xs-top\">\n                        <div class=\"unit__left\"><span class=\"text-middle icon icon-sm mdi mdi-email icon-primary\"><\/span><\/div>\n                        <div class=\"unit__body\"><a class=\"text-middle link link-gray-dark\" href=\"contacts.html\"> info@ekavartgallery.com<\/a><\/div>\n                      <\/div>\n                    <\/div>\n                    <div class=\"cell-xs-6 cell-sm-12\">\n                      <p class=\"aside-title\"> Ziyaret Saatleri<\/p>\n                      <hr class=\"divider divider-left divider-custom\">\n                      <div class=\"unit unit-middle unit-horizontal unit-spacing-xs unit-xs-top\">\n                        <div class=\"unit__left\"><span class=\"text-middle icon icon-sm mdi mdi-clock icon-primary\"><\/span><\/div>\n                        <div class=\"unit__body text-gray-darker\">\n                          <p>Sal\u0131-\u00c7ar\u015famba-Per\u015fembe-Cuma: 11:00-18:30\n                          \n                                            <br\n                                            <p>Cumartesi: 12:00-18:30 (Yaz boyunca kapal\u0131d\u0131r) <br\n                                            <p>Pazar-Pazartesi g\u00fcnleri kapal\u0131d\u0131r.\n                                        \n                             <br \/> Giri\u015f \u00fccretsizdir. <\/p>Dini bayramlar ve resmi tatiller hakk\u0131nda g\u00fcncel ziyaret bilgileri  <a href=\"https:\/\/www.instagram.com\/ekavartgallery\" target=\"_blank\"> \u00fczerinden duyurulur<\/a> .\n                        <\/div>\n                       \n                        \n                      <\/div>\n                      \n                    <\/div>\n                    \n                  <\/div>\n                  \n                <\/aside>\n                \n                \n               \t\t<\/div>\n\t\t\t\t<\/div>\n\t\t\t\t<div class=\"elementor-element elementor-element-c686bce elementor-widget-divider--view-line elementor-widget elementor-widget-divider\" data-id=\"c686bce\" data-element_type=\"widget\" data-widget_type=\"divider.default\">\n\t\t\t\t<div class=\"elementor-widget-container\">\n\t\t\t\t\t<div class=\"elementor-divider\">\n\t\t\t<span class=\"elementor-divider-separator\">\n\t\t\t\t\t\t<\/span>\n\t\t<\/div>\n\t\t\t\t<\/div>\n\t\t\t\t<\/div>\n\t\t\t\t<div class=\"elementor-element elementor-element-963a891 elementor-widget elementor-widget-text-editor\" data-id=\"963a891\" data-element_type=\"widget\" data-widget_type=\"text-editor.default\">\n\t\t\t\t<div class=\"elementor-widget-container\">\n\t\t\t\t\t\t\t<p>\u00a0<\/p><div class=\"cell-xs-6 cell-sm-12\"><p class=\"aside-title\">Bizi takip edin<\/p><hr class=\"divider divider-left divider-custom\" \/><div class=\"unit unit-middle unit-horizontal unit-spacing-xs unit-xs-top\"><div class=\"unit__left\"><!--<span class=\"text-middle icon icon-sm mdi mdi-clock icon-primary\"><\/span>--><\/div><div class=\"unit__body text-gray-darker\"><ul id=\"social-menu\" class=\"social-menu list-inline\"><li id=\"menu-item-32\" class=\"menu-item menu-item-type-custom menu-item-object-custom menu-item-32\"><a href=\"https:\/\/www.facebook.com\/pages\/Ekavart-Gallery\/143814122331922\" target=\"_blank\" rel=\"noopener noreferrer\"><span class=\"screen-reader-text\">Facebook<\/span><\/a><\/li><li id=\"menu-item-33\" class=\"menu-item menu-item-type-custom menu-item-object-custom menu-item-33\"><a href=\"https:\/\/twitter.com\/ekavartgallery\" target=\"_blank\" rel=\"noopener noreferrer\"><span class=\"screen-reader-text\">Twitter<\/span><\/a><\/li><li id=\"menu-item-34\" class=\"menu-item menu-item-type-custom menu-item-object-custom menu-item-34\"><a href=\"https:\/\/www.instagram.com\/ekavartgallery\/\" target=\"_blank\" rel=\"noopener noreferrer\"><span class=\"screen-reader-text\">Instagram<\/span><\/a><\/li><li id=\"menu-item-46\" class=\"menu-item menu-item-type-custom menu-item-object-custom menu-item-46\"><a href=\"https:\/\/www.youtube.com\/user\/ekavartgallery\/videos?sort=dd&amp;shelf_id=0&amp;view=0\"><span class=\"screen-reader-text\">Youtube<\/span><\/a><\/li><li id=\"menu-item-47\" class=\"menu-item menu-item-type-custom menu-item-object-custom menu-item-47\"><a href=\"https:\/\/www.artsy.net\/ekavart\"><span class=\"screen-reader-text\">Artsy<\/span><\/a><\/li><li id=\"menu-item-35\" class=\"menu-item menu-item-type-custom menu-item-object-custom menu-item-35\"><a href=\"mailto:info@ekavartgallery.com\"><span class=\"screen-reader-text\">E-posta<\/span><\/a><\/li><\/ul><\/div><\/div><\/div>\t\t\t\t\t\t<\/div>\n\t\t\t\t<\/div>\n\t\t\t\t\t<\/div>\n\t\t<\/div>\n\t\t\t\t\t<\/div>\n\t\t<\/section>\n\t\t\t\t<\/div>\n\t\t","protected":false},"excerpt":{"rendered":"<p>&nbsp;<a href=\"https:\/\/www.ekavartgallery.com\/tr\/bize-ulasin\/\" class=\"read-more\">Continue Reading<\/a><\/p>\n","protected":false},"author":1,"featured_media":0,"parent":0,"menu_order":0,"comment_status":"closed","ping_status":"closed","template":"","meta":{"footnotes":""},"class_list":["post-15","page","type-page","status-publish","hentry","post-holder"],"_links":{"self":[{"href":"https:\/\/www.ekavartgallery.com\/tr\/wp-json\/wp\/v2\/pages\/15","targetHints":{"allow":["GET"]}}],"collection":[{"href":"https:\/\/www.ekavartgallery.com\/tr\/wp-json\/wp\/v2\/pages"}],"about":[{"href":"https:\/\/www.ekavartgallery.com\/tr\/wp-json\/wp\/v2\/types\/page"}],"author":[{"embeddable":true,"href":"https:\/\/www.ekavartgallery.com\/tr\/wp-json\/wp\/v2\/users\/1"}],"replies":[{"embeddable":true,"href":"https:\/\/www.ekavartgallery.com\/tr\/wp-json\/wp\/v2\/comments?post=15"}],"version-history":[{"count":53,"href":"https:\/\/www.ekavartgallery.com\/tr\/wp-json\/wp\/v2\/pages\/15\/revisions"}],"predecessor-version":[{"id":9214,"href":"https:\/\/www.ekavartgallery.com\/tr\/wp-json\/wp\/v2\/pages\/15\/revisions\/9214"}],"wp:attachment":[{"href":"https:\/\/www.ekavartgallery.com\/tr\/wp-json\/wp\/v2\/media?parent=15"}],"curies":[{"name":"wp","href":"https:\/\/api.w.org\/{rel}","templated":true}]}}