{"id":862,"date":"2019-12-14T23:24:21","date_gmt":"2019-12-14T20:24:21","guid":{"rendered":"http:\/\/www.ekavartgallery.com\/?page_id=862"},"modified":"2026-04-16T12:26:54","modified_gmt":"2026-04-16T09:26:54","slug":"anasayfa","status":"publish","type":"page","link":"https:\/\/www.ekavartgallery.com\/tr\/","title":{"rendered":"Anasayfa"},"content":{"rendered":"\t\t<div data-elementor-type=\"wp-page\" data-elementor-id=\"862\" class=\"elementor elementor-862\" data-elementor-post-type=\"page\">\n\t\t\t\t\t\t<section class=\"elementor-section elementor-top-section elementor-element elementor-element-fdbe18e elementor-section-boxed elementor-section-height-default elementor-section-height-default\" data-id=\"fdbe18e\" data-element_type=\"section\">\n\t\t\t\t\t\t<div class=\"elementor-container elementor-column-gap-default\">\n\t\t\t\t\t<div class=\"elementor-column elementor-col-100 elementor-top-column elementor-element elementor-element-32ac357\" data-id=\"32ac357\" data-element_type=\"column\">\n\t\t\t<div class=\"elementor-widget-wrap elementor-element-populated\">\n\t\t\t\t\t\t<div class=\"elementor-element elementor-element-548bdbb bdt-ps-blur-effect--yes elementor-widget elementor-widget-prime-slider-dragon\" data-id=\"548bdbb\" data-element_type=\"widget\" data-widget_type=\"prime-slider-dragon.default\">\n\t\t\t\t<div class=\"elementor-widget-container\">\n\t\t\t\t\t<div class=\"bdt-prime-slider\">\n\t\t\t<div class=\"bdt-prime-slider-dragon\">\n\t\t\t\t<div class=\"bdt-position-relative bdt-visible-toggle\" data-settings=\"{&quot;id&quot;:&quot;#bdt-548bdbb&quot;,&quot;animation_status&quot;:&quot;no&quot;}\" id=\"bdt-548bdbb\" bdt-slideshow=\"{&quot;animation&quot;:&quot;fade&quot;,&quot;ratio&quot;:&quot;16:9&quot;,&quot;min-height&quot;:&quot;440&quot;,&quot;autoplay&quot;:true,&quot;autoplay-interval&quot;:5000,&quot;pause-on-hover&quot;:true,&quot;velocity&quot;:1,&quot;finite&quot;:false}\">\n\t\t\t\t\t<ul class=\"bdt-slideshow-items\">\n\t\t\t\t\t\t\t\t<li class=\"bdt-slideshow-item bdt-flex bdt-flex-middle elementor-repeater-item-9d0db26\">\n\n\t\t\t<div class=\"bdt-ps-dragon-bg\">\n\t\t\t\t\n\t\t\t\t\t\t<div class=\"bdt-ps-slide-img\"\n\t\t\t\t\t\t\tstyle=\"background-image: url('https:\/\/www.ekavartgallery.com\/wp-content\/uploads\/2026\/04\/EKAV-UC-YANSIMA-afis_pages-to-jpg-0001-scaled-e1775121186375.jpg')\"><\/div>\n\n\t\t\t\t\t\t\t\t\t<\/div>\n\n\t\t\t<div class=\"bdt-ps-dragon-slide-image\">\n\t\t\t\t\n\t\t\t\t\t\t<div class=\"bdt-ps-slide-img\"\n\t\t\t\t\t\t\tstyle=\"background-image: url('https:\/\/www.ekavartgallery.com\/wp-content\/uploads\/2026\/04\/EKAV-UC-YANSIMA-afis_pages-to-jpg-0001-scaled-e1775121186375.jpg')\"><\/div>\n\n\t\t\t\t\t\t\t\t\t<\/div>\n\n\t\t\t\t\t\t\n\t\t\t\t\t<div class=\"bdt-prime-slider-wrapper\">\n\t\t\t<div class=\"bdt-prime-slider-content\">\n\n\t\t\t\t\n\t\t\t\t\n\t\t\t\t\n\t\t\t\t<div data-bdt-slideshow-parallax=\"x: 400,-400; opacity: 1,1,0\">\n\t\t\t\t\t\n\t\t\t\t\t\t<\/div>\n\t\t\t\t\t\n\t\t\t<\/div>\n\t\t<\/div>\n        \n\t\t<\/li>\n        \t\t<li class=\"bdt-slideshow-item bdt-flex bdt-flex-middle elementor-repeater-item-f8edff9\">\n\n\t\t\t<div class=\"bdt-ps-dragon-bg\">\n\t\t\t\t\n\t\t\t\t\t\t<div class=\"bdt-ps-slide-img\"\n\t\t\t\t\t\t\tstyle=\"background-image: url('https:\/\/www.ekavartgallery.com\/wp-content\/uploads\/2026\/04\/11-scaled.jpg')\"><\/div>\n\n\t\t\t\t\t\t\t\t\t<\/div>\n\n\t\t\t<div class=\"bdt-ps-dragon-slide-image\">\n\t\t\t\t\n\t\t\t\t\t\t<div class=\"bdt-ps-slide-img\"\n\t\t\t\t\t\t\tstyle=\"background-image: url('https:\/\/www.ekavartgallery.com\/wp-content\/uploads\/2026\/04\/11-scaled.jpg')\"><\/div>\n\n\t\t\t\t\t\t\t\t\t<\/div>\n\n\t\t\t\t\t\t\n\t\t\t\t\t<div class=\"bdt-prime-slider-wrapper\">\n\t\t\t<div class=\"bdt-prime-slider-content\">\n\n\t\t\t\t\n\t\t\t\t\n\t\t\t\t\n\t\t\t\t<div data-bdt-slideshow-parallax=\"x: 400,-400; opacity: 1,1,0\">\n\t\t\t\t\t\n\t\t\t\t\t\t<\/div>\n\t\t\t\t\t\n\t\t\t<\/div>\n\t\t<\/div>\n        \n\t\t<\/li>\n        \t\t<li class=\"bdt-slideshow-item bdt-flex bdt-flex-middle elementor-repeater-item-8013f27\">\n\n\t\t\t<div class=\"bdt-ps-dragon-bg\">\n\t\t\t\t\n\t\t\t\t\t\t<div class=\"bdt-ps-slide-img\"\n\t\t\t\t\t\t\tstyle=\"background-image: url('https:\/\/www.ekavartgallery.com\/wp-content\/uploads\/2026\/04\/image000012-scaled.jpeg')\"><\/div>\n\n\t\t\t\t\t\t\t\t\t<\/div>\n\n\t\t\t<div class=\"bdt-ps-dragon-slide-image\">\n\t\t\t\t\n\t\t\t\t\t\t<div class=\"bdt-ps-slide-img\"\n\t\t\t\t\t\t\tstyle=\"background-image: url('https:\/\/www.ekavartgallery.com\/wp-content\/uploads\/2026\/04\/image000012-scaled.jpeg')\"><\/div>\n\n\t\t\t\t\t\t\t\t\t<\/div>\n\n\t\t\t\t\t\t\n\t\t\t\t\t<div class=\"bdt-prime-slider-wrapper\">\n\t\t\t<div class=\"bdt-prime-slider-content\">\n\n\t\t\t\t\n\t\t\t\t\n\t\t\t\t\n\t\t\t\t<div data-bdt-slideshow-parallax=\"x: 400,-400; opacity: 1,1,0\">\n\t\t\t\t\t\n\t\t\t\t\t\t<\/div>\n\t\t\t\t\t\n\t\t\t<\/div>\n\t\t<\/div>\n        \n\t\t<\/li>\n        \t\t<li class=\"bdt-slideshow-item bdt-flex bdt-flex-middle elementor-repeater-item-648f54f\">\n\n\t\t\t<div class=\"bdt-ps-dragon-bg\">\n\t\t\t\t\n\t\t\t\t\t\t<div class=\"bdt-ps-slide-img\"\n\t\t\t\t\t\t\tstyle=\"background-image: url('https:\/\/www.ekavartgallery.com\/wp-content\/uploads\/2026\/03\/6-scaled.jpg')\"><\/div>\n\n\t\t\t\t\t\t\t\t\t<\/div>\n\n\t\t\t<div class=\"bdt-ps-dragon-slide-image\">\n\t\t\t\t\n\t\t\t\t\t\t<div class=\"bdt-ps-slide-img\"\n\t\t\t\t\t\t\tstyle=\"background-image: url('https:\/\/www.ekavartgallery.com\/wp-content\/uploads\/2026\/03\/6-scaled.jpg')\"><\/div>\n\n\t\t\t\t\t\t\t\t\t<\/div>\n\n\t\t\t\t\t\t\n\t\t\t\t\t<div class=\"bdt-prime-slider-wrapper\">\n\t\t\t<div class=\"bdt-prime-slider-content\">\n\n\t\t\t\t\n\t\t\t\t\n\t\t\t\t\n\t\t\t\t<div data-bdt-slideshow-parallax=\"x: 400,-400; opacity: 1,1,0\">\n\t\t\t\t\t\n\t\t\t\t\t\t<\/div>\n\t\t\t\t\t\n\t\t\t<\/div>\n\t\t<\/div>\n        \n\t\t<\/li>\n        \n\t\t\t\t\t<\/ul>\n\n\t\t\t\t\t            \n                <ul class=\"bdt-slideshow-nav bdt-dotnav bdt-dotnav-vertical reveal-muted\">\n\n                                        <li bdt-slideshow-item=\"0\" data-label=\"01\" ><a href=\"#\"><\/a><\/li>\n                                        <li bdt-slideshow-item=\"1\" data-label=\"02\" ><a href=\"#\"><\/a><\/li>\n                                        <li bdt-slideshow-item=\"2\" data-label=\"03\" ><a href=\"#\"><\/a><\/li>\n                                        <li bdt-slideshow-item=\"3\" data-label=\"04\" ><a href=\"#\"><\/a><\/li>\n                                        \n                <\/ul>\n\n            \n        \t\t\t\t\t\n\t\t\t\t<\/div>\n\t\t\t\t\n\t\t<div class=\"bdt-prime-slider-social-icon reveal-muted\">\n\t\t\t\t\t\t\t\t\t\t<a >\n\t\t\t\t\t\t\t\t<span class=\"bdt-social-share-title\">\n\t\t\t\t\t\t\t\t\tInstagram\t\t\t\t\t\t\t\t<\/span>\n\t\t\t\t\t\t\t<\/a>\n\t\t\t\t\t\t\t\t\t\t\t\t\t<a >\n\t\t\t\t\t\t\t\t<span class=\"bdt-social-share-title\">\n\t\t\t\t\t\t\t\t\tFacebook\t\t\t\t\t\t\t\t<\/span>\n\t\t\t\t\t\t\t<\/a>\n\t\t\t\t\t\t\t\t\t\t\t\t\t<a >\n\t\t\t\t\t\t\t\t<span class=\"bdt-social-share-title\">\n\t\t\t\t\t\t\t\t\tX\t\t\t\t\t\t\t\t<\/span>\n\t\t\t\t\t\t\t<\/a>\n\t\t\t\t\t\t\t\t<\/div>\n\n\t\t\t\t\t<\/div>\n\t\t<\/div>\n        \t\t<\/div>\n\t\t\t\t<\/div>\n\t\t\t\t\t<\/div>\n\t\t<\/div>\n\t\t\t\t\t<\/div>\n\t\t<\/section>\n\t\t\t\t<section class=\"elementor-section elementor-top-section elementor-element elementor-element-700c4d4 elementor-section-boxed elementor-section-height-default elementor-section-height-default\" data-id=\"700c4d4\" data-element_type=\"section\">\n\t\t\t\t\t\t<div class=\"elementor-container elementor-column-gap-no\">\n\t\t\t\t\t<div class=\"elementor-column elementor-col-50 elementor-top-column elementor-element elementor-element-2648faf\" data-id=\"2648faf\" data-element_type=\"column\">\n\t\t\t<div class=\"elementor-widget-wrap elementor-element-populated\">\n\t\t\t\t\t\t<div class=\"elementor-element elementor-element-906d2c3 elementor-widget elementor-widget-text-editor\" data-id=\"906d2c3\" data-element_type=\"widget\" data-widget_type=\"text-editor.default\">\n\t\t\t\t<div class=\"elementor-widget-container\">\n\t\t\t\t\t\t\t<p style=\"text-align: center;\"><strong>Tres Specula \/ \u00dc\u00e7 Yans\u0131ma<\/strong><br \/><strong>7 Nisan \u2013 7 May\u0131s 2026<\/strong><\/p><p style=\"text-align: center;\"><span style=\"color: #333333;\"><span style=\"color: #636363;\"><strong>EKAV<\/strong> \/ <strong>E<\/strong>\u011fitim <strong>K<\/strong>\u00fclt\u00fcr ve <strong>A<\/strong>ra\u015ft\u0131rma <strong>V<\/strong>akf\u0131, 7 Nisan \u2013 7 May\u0131s 2026 tarihleri aras\u0131nda Abitus Sanat Projeleri i\u015f birli\u011fi ve Yasemin Semercio\u011flu koordinasyonunda d\u00fczenlenen, \u00fc\u00e7 sanat\u00e7\u0131n\u0131n (\u00c7i\u00e7ek Benardete, Pembe T\u00fcz\u00fcner, Tina Varon) farkl\u0131 disiplinlerdeki eserlerini resim, heykel ve cam\u0131n ifade olanaklar\u0131 \u00fczerinden ortak bir d\u00fc\u015f\u00fcnsel zeminde bulu\u015fturan <strong>\u201cTres Specula \/ \u00dc\u00e7 Yans\u0131ma\u201d<\/strong> sergisine Ekavart Gallery\u2019de ev sahipli\u011fi yap\u0131yor. <br \/><\/span><\/span><span style=\"color: #333333;\"><span style=\"color: #636363;\"><a href=\"https:\/\/www.ekavartgallery.com\/tr\/basin-bulteni-2\/\">\u00a0Daha fazla okumak i\u00e7in&#8230;<\/a><\/span><\/span><\/p>\t\t\t\t\t\t<\/div>\n\t\t\t\t<\/div>\n\t\t\t\t\t<\/div>\n\t\t<\/div>\n\t\t\t\t<div class=\"elementor-column elementor-col-50 elementor-top-column elementor-element elementor-element-f770732\" data-id=\"f770732\" data-element_type=\"column\">\n\t\t\t<div class=\"elementor-widget-wrap elementor-element-populated\">\n\t\t\t\t\t\t<div class=\"elementor-element elementor-element-a8b8e25 elementor-widget elementor-widget-video\" data-id=\"a8b8e25\" data-element_type=\"widget\" data-settings=\"{&quot;youtube_url&quot;:&quot;https:\\\/\\\/www.youtube.com\\\/watch?v=gIElteLupPk&quot;,&quot;autoplay&quot;:&quot;yes&quot;,&quot;play_on_mobile&quot;:&quot;yes&quot;,&quot;loop&quot;:&quot;yes&quot;,&quot;video_type&quot;:&quot;youtube&quot;,&quot;controls&quot;:&quot;yes&quot;}\" data-widget_type=\"video.default\">\n\t\t\t\t<div class=\"elementor-widget-container\">\n\t\t\t\t\t<div class=\"elementor-wrapper elementor-open-inline\">\n\t\t\t<div class=\"elementor-video\"><\/div>\t\t<\/div>\n\t\t\t\t<\/div>\n\t\t\t\t<\/div>\n\t\t\t\t\t<\/div>\n\t\t<\/div>\n\t\t\t\t\t<\/div>\n\t\t<\/section>\n\t\t\t\t<section class=\"elementor-section elementor-top-section elementor-element elementor-element-47d0532 elementor-section-boxed elementor-section-height-default elementor-section-height-default\" data-id=\"47d0532\" data-element_type=\"section\">\n\t\t\t\t\t\t<div class=\"elementor-container elementor-column-gap-no\">\n\t\t\t\t\t<div class=\"elementor-column elementor-col-100 elementor-top-column elementor-element elementor-element-d482df8\" data-id=\"d482df8\" data-element_type=\"column\">\n\t\t\t<div class=\"elementor-widget-wrap elementor-element-populated\">\n\t\t\t\t\t\t<div class=\"elementor-element elementor-element-85001cf elementor-widget elementor-widget-text-editor\" data-id=\"85001cf\" data-element_type=\"widget\" data-widget_type=\"text-editor.default\">\n\t\t\t\t<div class=\"elementor-widget-container\">\n\t\t\t\t\t\t\t<p style=\"text-align: center;\"><strong><br \/><img decoding=\"async\" class=\"alignnone wp-image-6790\" src=\"https:\/\/www.ekavartgallery.com\/wp-content\/uploads\/2023\/03\/arttv-project-logo-300x300.jpg\" alt=\"\" width=\"52\" height=\"52\" srcset=\"https:\/\/www.ekavartgallery.com\/wp-content\/uploads\/2023\/03\/arttv-project-logo-300x300.jpg 300w, https:\/\/www.ekavartgallery.com\/wp-content\/uploads\/2023\/03\/arttv-project-logo-1024x1024.jpg 1024w, https:\/\/www.ekavartgallery.com\/wp-content\/uploads\/2023\/03\/arttv-project-logo-150x150.jpg 150w, https:\/\/www.ekavartgallery.com\/wp-content\/uploads\/2023\/03\/arttv-project-logo-768x768.jpg 768w, https:\/\/www.ekavartgallery.com\/wp-content\/uploads\/2023\/03\/arttv-project-logo-1536x1536.jpg 1536w, https:\/\/www.ekavartgallery.com\/wp-content\/uploads\/2023\/03\/arttv-project-logo-400x400.jpg 400w, https:\/\/www.ekavartgallery.com\/wp-content\/uploads\/2023\/03\/arttv-project-logo-900x900.jpg 900w, https:\/\/www.ekavartgallery.com\/wp-content\/uploads\/2023\/03\/arttv-project-logo-675x675.jpg 675w, https:\/\/www.ekavartgallery.com\/wp-content\/uploads\/2023\/03\/arttv-project-logo-286x286.jpg 286w, https:\/\/www.ekavartgallery.com\/wp-content\/uploads\/2023\/03\/arttv-project-logo-450x450.jpg 450w, https:\/\/www.ekavartgallery.com\/wp-content\/uploads\/2023\/03\/arttv-project-logo-1080x1080.jpg 1080w, https:\/\/www.ekavartgallery.com\/wp-content\/uploads\/2023\/03\/arttv-project-logo.jpg 1600w\" sizes=\"(max-width: 52px) 100vw, 52px\" \/><\/strong><\/p><p><img decoding=\"async\" class=\"wp-image-7807 aligncenter\" src=\"https:\/\/www.ekavartgallery.com\/wp-content\/uploads\/2024\/03\/ed1a2cf6-cc39-4e48-b900-2487d3c40be5-300x300.jpeg\" alt=\"\" width=\"128\" height=\"128\" srcset=\"https:\/\/www.ekavartgallery.com\/wp-content\/uploads\/2024\/03\/ed1a2cf6-cc39-4e48-b900-2487d3c40be5-300x300.jpeg 300w, https:\/\/www.ekavartgallery.com\/wp-content\/uploads\/2024\/03\/ed1a2cf6-cc39-4e48-b900-2487d3c40be5-150x150.jpeg 150w, https:\/\/www.ekavartgallery.com\/wp-content\/uploads\/2024\/03\/ed1a2cf6-cc39-4e48-b900-2487d3c40be5-400x401.jpeg 400w, https:\/\/www.ekavartgallery.com\/wp-content\/uploads\/2024\/03\/ed1a2cf6-cc39-4e48-b900-2487d3c40be5-299x300.jpeg 299w, https:\/\/www.ekavartgallery.com\/wp-content\/uploads\/2024\/03\/ed1a2cf6-cc39-4e48-b900-2487d3c40be5-286x286.jpeg 286w, https:\/\/www.ekavartgallery.com\/wp-content\/uploads\/2024\/03\/ed1a2cf6-cc39-4e48-b900-2487d3c40be5-450x450.jpeg 450w, https:\/\/www.ekavartgallery.com\/wp-content\/uploads\/2024\/03\/ed1a2cf6-cc39-4e48-b900-2487d3c40be5.jpeg 626w\" sizes=\"(max-width: 128px) 100vw, 128px\" \/><\/p><p style=\"text-align: center;\">AL\u0130 EMRE DO\u011eRAMACI<br \/><em>&#8220;Etheral Blue&#8221;<\/em><strong><br \/><\/strong>Digital Art, 100&#215;100 cm, 2021<br \/><a href=\"https:\/\/www.arttv.com.tr\/artstore\"><img decoding=\"async\" class=\"alignnone wp-image-6940\" src=\"https:\/\/www.ekavartgallery.com\/wp-content\/uploads\/2023\/03\/Yeni-Proje-12-300x123.png\" alt=\"\" width=\"71\" height=\"29\" srcset=\"https:\/\/www.ekavartgallery.com\/wp-content\/uploads\/2023\/03\/Yeni-Proje-12-300x123.png 300w, https:\/\/www.ekavartgallery.com\/wp-content\/uploads\/2023\/03\/Yeni-Proje-12-400x164.png 400w, https:\/\/www.ekavartgallery.com\/wp-content\/uploads\/2023\/03\/Yeni-Proje-12.png 537w\" sizes=\"(max-width: 71px) 100vw, 71px\" \/><\/a>\u00a0<\/p>\t\t\t\t\t\t<\/div>\n\t\t\t\t<\/div>\n\t\t\t\t\t<\/div>\n\t\t<\/div>\n\t\t\t\t\t<\/div>\n\t\t<\/section>\n\t\t\t\t<\/div>\n\t\t","protected":false},"excerpt":{"rendered":"<p>&nbsp;<a href=\"https:\/\/www.ekavartgallery.com\/tr\/\" class=\"read-more\">Continue Reading<\/a><\/p>\n","protected":false},"author":1,"featured_media":0,"parent":0,"menu_order":0,"comment_status":"closed","ping_status":"closed","template":"elementor_header_footer","meta":{"footnotes":""},"class_list":["post-862","page","type-page","status-publish","hentry","post-holder"],"_links":{"self":[{"href":"https:\/\/www.ekavartgallery.com\/tr\/wp-json\/wp\/v2\/pages\/862","targetHints":{"allow":["GET"]}}],"collection":[{"href":"https:\/\/www.ekavartgallery.com\/tr\/wp-json\/wp\/v2\/pages"}],"about":[{"href":"https:\/\/www.ekavartgallery.com\/tr\/wp-json\/wp\/v2\/types\/page"}],"author":[{"embeddable":true,"href":"https:\/\/www.ekavartgallery.com\/tr\/wp-json\/wp\/v2\/users\/1"}],"replies":[{"embeddable":true,"href":"https:\/\/www.ekavartgallery.com\/tr\/wp-json\/wp\/v2\/comments?post=862"}],"version-history":[{"count":814,"href":"https:\/\/www.ekavartgallery.com\/tr\/wp-json\/wp\/v2\/pages\/862\/revisions"}],"predecessor-version":[{"id":9524,"href":"https:\/\/www.ekavartgallery.com\/tr\/wp-json\/wp\/v2\/pages\/862\/revisions\/9524"}],"wp:attachment":[{"href":"https:\/\/www.ekavartgallery.com\/tr\/wp-json\/wp\/v2\/media?parent=862"}],"curies":[{"name":"wp","href":"https:\/\/api.w.org\/{rel}","templated":true}]}}